{"id":39,"date":"2023-07-04T01:56:39","date_gmt":"2023-07-04T01:56:39","guid":{"rendered":"https:\/\/printspace.harutheme.com\/packaging\/?page_id=39"},"modified":"2024-06-17T09:20:45","modified_gmt":"2024-06-17T09:20:45","slug":"contacte","status":"publish","type":"page","link":"https:\/\/fotocarte.qomunica.md\/ru\/contacte\/","title":{"rendered":"\u041a\u043e\u043d\u0442\u0430\u043a\u0442\u044b"},"content":{"rendered":"<div data-elementor-type=\"wp-page\" data-elementor-id=\"39\" class=\"elementor elementor-39\">\n\t\t\t\t<div class=\"elementor-element elementor-element-df06f02 e-flex e-con-boxed e-con e-parent\" data-id=\"df06f02\" data-element_type=\"container\">\n\t\t\t\t\t<div class=\"e-con-inner\">\n\t\t<div class=\"elementor-element elementor-element-539007d e-con-full e-flex e-con e-child\" data-id=\"539007d\" data-element_type=\"container\">\n\t\t\t\t<div class=\"elementor-element elementor-element-5f87cb9 elementor-widget elementor-widget-haru-heading\" data-id=\"5f87cb9\" data-element_type=\"widget\" data-widget_type=\"haru-heading.default\">\n\t\t\t\t<div class=\"elementor-widget-container\">\n\t\t\t<h2 class=\"haru-heading-title haru-heading-title--heading-5\">\u0421\u0432\u044f\u0436\u0438\u0442\u0435\u0441\u044c \u0441 \u043d\u0430\u043c\u0438<\/h2>\t\t<\/div>\n\t\t\t\t<\/div>\n\t\t\t\t<div class=\"elementor-element elementor-element-782c8eb elementor-widget elementor-widget-haru-heading\" data-id=\"782c8eb\" data-element_type=\"widget\" data-widget_type=\"haru-heading.default\">\n\t\t\t\t<div class=\"elementor-widget-container\">\n\t\t\t<h2 class=\"haru-heading-title haru-heading-title--description-2\">\u0417\u0434\u0435\u0441\u044c, \u0447\u0442\u043e\u0431\u044b \u0432\u043e\u043f\u043b\u043e\u0442\u0438\u0442\u044c <b>\u0432\u0430\u0448\u0438 \u0438\u0434\u0435\u0438 \u0432 \u0436\u0438\u0437\u043d\u044c:<\/b>\u043e\u0442 \u0438\u043d\u0434\u0438\u0432\u0438\u0434\u0443\u0430\u043b\u044c\u043d\u044b\u0445 \u043f\u043e\u0434\u0430\u0440\u043a\u043e\u0432 \u0434\u043e \u0441\u043b\u043e\u0436\u043d\u044b\u0445 \u043f\u0440\u043e\u0435\u043a\u0442\u043e\u0432 \u043f\u0435\u0447\u0430\u0442\u0438. \u041c\u044b \u043f\u0440\u0435\u0434\u043e\u0441\u0442\u0430\u0432\u043b\u044f\u0435\u043c \u0432\u0430\u043c <b>\u0432\u0441\u0435 \u043d\u0430\u0448\u0435 \u0432\u043d\u0438\u043c\u0430\u043d\u0438\u0435 \u0438 \u043e\u043f\u044b\u0442 <\/b>\u043d\u0430\u0448\u0435\u0439 \u043a\u043e\u043c\u0430\u043d\u0434\u044b! <\/h2>\t\t<\/div>\n\t\t\t\t<\/div>\n\t\t<div class=\"elementor-element elementor-element-5079a40 e-con-full e-flex e-con e-child\" data-id=\"5079a40\" data-element_type=\"container\">\n\t\t<div class=\"elementor-element elementor-element-ca2e53f e-con-full e-flex e-con e-child\" data-id=\"ca2e53f\" data-element_type=\"container\">\n\t\t\t\t<div class=\"elementor-element elementor-element-062cd9c elementor-widget elementor-widget-haru-heading\" data-id=\"062cd9c\" data-element_type=\"widget\" data-widget_type=\"haru-heading.default\">\n\t\t\t\t<div class=\"elementor-widget-container\">\n\t\t\t<h2 class=\"haru-heading-title haru-heading-title--heading-8\">\u0421\u0432\u044f\u0436\u0438\u0441\u044c \u0441 \u043d\u0430\u043c\u0438: <\/h2>\t\t<\/div>\n\t\t\t\t<\/div>\n\t\t\t\t<div class=\"elementor-element elementor-element-20c7b45 elementor-widget elementor-widget-haru-contact\" data-id=\"20c7b45\" data-element_type=\"widget\" data-widget_type=\"haru-contact.default\">\n\t\t\t\t<div class=\"elementor-widget-container\">\n\t\t\t\n        \t\t        \t<div class=\"haru-contact haru-contact--style-2\">\n\t        \t\t\n\n\t<ul>\n\t\t\t\t\t<li>\n\t\t\t\t<div class=\"haru-contact__icon\"><i aria-hidden=\"true\" class=\"fas fa-star\"><\/i><\/div>\n\t\t\t\t<div class=\"haru-contact__content\">\n\t\t\t\t\t<h6 class=\"haru-contact__title\">\u0422\u0435\u043b\u0435\u0444\u043e\u043d<\/h6>\n\t\t\t\t\t<div class=\"haru-contact__desc\">\u0422\u0435\u043b\u0435\u0444\u043e\u043d: <strong><a href=\"tel: 373060595984\">060 595 984<\/a><\/strong><\/div>\n\t\t\t\t<\/div>\n\t\t\t<\/li>\n\t\t\t\t\t<li>\n\t\t\t\t<div class=\"haru-contact__icon\"><i aria-hidden=\"true\" class=\"fas fa-star\"><\/i><\/div>\n\t\t\t\t<div class=\"haru-contact__content\">\n\t\t\t\t\t<h6 class=\"haru-contact__title\">Email<\/h6>\n\t\t\t\t\t<div class=\"haru-contact__desc\">E-mail: <a href=\"mailto:fotocartemd@gmail.com\">fotocartemd@gmail.com<\/a><\/div>\n\t\t\t\t<\/div>\n\t\t\t<\/li>\n\t\t\t<\/ul>\n\t    \t\t<\/div>\n    \t\t\n    \t\t\t\t<\/div>\n\t\t\t\t<\/div>\n\t\t\t\t<\/div>\n\t\t\t\t<\/div>\n\t\t\t\t<\/div>\n\t\t<div class=\"elementor-element elementor-element-0f62a50 e-con-full e-flex e-con e-child\" data-id=\"0f62a50\" data-element_type=\"container\">\n\t\t\t\t<div class=\"elementor-element elementor-element-3d415d1 elementor-widget elementor-widget-haru-heading\" data-id=\"3d415d1\" data-element_type=\"widget\" data-widget_type=\"haru-heading.default\">\n\t\t\t\t<div class=\"elementor-widget-container\">\n\t\t\t<h2 class=\"haru-heading-title haru-heading-title--heading-5\">\u041e\u0442\u043f\u0440\u0430\u0432\u044c\u0442\u0435 \u043d\u0430\u043c \u0441\u043e\u043e\u0431\u0449\u0435\u043d\u0438\u0435:<\/h2>\t\t<\/div>\n\t\t\t\t<\/div>\n\t\t\t\t<div class=\"elementor-element elementor-element-7946243 elementor-widget elementor-widget-shortcode\" data-id=\"7946243\" data-element_type=\"widget\" data-widget_type=\"shortcode.default\">\n\t\t\t\t<div class=\"elementor-widget-container\">\n\t\t\t\t\t<div class=\"elementor-shortcode\">\n<div class=\"wpcf7 no-js\" id=\"wpcf7-f1369-o1\" lang=\"en-US\" dir=\"ltr\">\n<div class=\"screen-reader-response\"><p role=\"status\" aria-live=\"polite\" aria-atomic=\"true\"><\/p> <ul><\/ul><\/div>\n<form action=\"\/ru\/wp-json\/wp\/v2\/pages\/39#wpcf7-f1369-o1\" method=\"post\" class=\"wpcf7-form init\" aria-label=\"Contact form\" novalidate=\"novalidate\" data-status=\"init\" data-trp-original-action=\"\/ru\/wp-json\/wp\/v2\/pages\/39#wpcf7-f1369-o1\">\n<div style=\"display: none;\">\n<input type=\"hidden\" name=\"_wpcf7\" value=\"1369\" \/>\n<input type=\"hidden\" name=\"_wpcf7_version\" value=\"5.9.6\" \/>\n<input type=\"hidden\" name=\"_wpcf7_locale\" value=\"en_US\" \/>\n<input type=\"hidden\" name=\"_wpcf7_unit_tag\" value=\"wpcf7-f1369-o1\" \/>\n<input type=\"hidden\" name=\"_wpcf7_container_post\" value=\"0\" \/>\n<input type=\"hidden\" name=\"_wpcf7_posted_data_hash\" value=\"\" \/>\n<input type=\"hidden\" name=\"_wpcf7_recaptcha_response\" value=\"\" \/>\n<\/div>\n<div class=\"contact-form\">\n\n<div class=\"contact-form__row contact-form__row--cols-2\">\n    <div class=\"contact-form__col\">\n        <div class=\"contact-form__input\"><span class=\"wpcf7-form-control-wrap\" data-name=\"your-name\"><input size=\"40\" maxlength=\"80\" class=\"wpcf7-form-control wpcf7-text wpcf7-validates-as-required\" aria-required=\"true\" aria-invalid=\"false\" placeholder=\"\u0418\u043c\u044f\" value=\"\" type=\"text\" name=\"your-name\" \/><\/span><\/div>\n    <\/div>\n    <div class=\"contact-form__col\">\n        <div class=\"contact-form__input\"><span class=\"wpcf7-form-control-wrap\" data-name=\"phone\"><input size=\"40\" maxlength=\"80\" class=\"wpcf7-form-control wpcf7-tel wpcf7-validates-as-required wpcf7-text wpcf7-validates-as-tel\" aria-required=\"true\" aria-invalid=\"false\" placeholder=\"\u0422\u0435\u043b\u0435\u0444\u043e\u043d\" value=\"\" type=\"tel\" name=\"phone\" \/><\/span><\/div>\n    <\/div>\n<\/div>\n\n<div class=\"contact-form__row\">\n    <div class=\"contact-form__input contact-form__message\"><span class=\"wpcf7-form-control-wrap\" data-name=\"message\"><textarea cols=\"40\" rows=\"10\" maxlength=\"400\" class=\"wpcf7-form-control wpcf7-textarea wpcf7-validates-as-required\" aria-required=\"true\" aria-invalid=\"false\" placeholder=\"\u0421\u043e\u043e\u0431\u0449\u0435\u043d\u0438\u0435\" name=\"message\"><\/textarea><\/span><\/div>\n<\/div>\n\n<div class=\"contact-form__row contact-form__row--submit\">\n    <div class=\"contact-form__submit contact-form__submit--center\">\n    <input class=\"wpcf7-form-control wpcf7-submit has-spinner\" type=\"submit\" value=\"\u041e\u0442\u043f\u0440\u0430\u0432\u0438\u0442\u044c\" \/>\n    <\/div>\n<\/div>\n\n<\/div><div class=\"wpcf7-response-output\" aria-hidden=\"true\"><\/div>\n<input type=\"hidden\" name=\"trp-form-language\" value=\"ru\"\/><\/form>\n<\/div>\n<\/div>\n\t\t\t\t<\/div>\n\t\t\t\t<\/div>\n\t\t\t\t<\/div>\n\t\t\t\t\t<\/div>\n\t\t\t\t<\/div>\n\t\t<div class=\"elementor-element elementor-element-eacf794 e-flex e-con-boxed e-con e-parent\" data-id=\"eacf794\" data-element_type=\"container\">\n\t\t\t\t\t<div class=\"e-con-inner\">\n\t\t<div class=\"elementor-element elementor-element-5c3976c e-con-full e-flex e-con e-child\" data-id=\"5c3976c\" data-element_type=\"container\">\n\t\t\t\t<div class=\"elementor-element elementor-element-7080009 elementor-widget elementor-widget-haru-google-maps\" data-id=\"7080009\" data-element_type=\"widget\" data-widget_type=\"haru-google-maps.default\">\n\t\t\t\t<div class=\"elementor-widget-container\">\n\t\t\t\n                            <div class=\"haru-google-maps haru-google-maps--style-1\">\n                                        <div class=\"haru-custom-embed\">\n                        <iframe src=\"https:\/\/maps.google.com\/maps?q=Chisinau&amp;t=m&amp;z=16&amp;output=embed&amp;iwloc=near\" title=\"%3$s\" aria-label=\"%3$s\"><\/iframe>\n                    <\/div>\n                <\/div>\n            \n            \t\t<\/div>\n\t\t\t\t<\/div>\n\t\t\t\t<\/div>\n\t\t\t\t\t<\/div>\n\t\t\t\t<\/div>\n\t\t\t\t<\/div>","protected":false},"excerpt":{"rendered":"<p>Contacteaz\u0103 Atelierul FotoCarte Suntem aici pentru a-\u021bi oferi cea mai bun\u0103 experien\u021b\u0103 de imprimare personalizat\u0103: de la cadouri personalizate, p\u00e2n\u0103 la proiecte de imprimare complexe. Punem la dispozi\u021bia ta toat\u0103 dedica\u021bia \u0219i expertiza echipei noastre! Contacteaz\u0103-ne: Telefon Telefon: 060 595 984 Email E-mail: fotocartemd@gmail.com Trimite-ne un mesaj:<\/p>","protected":false},"author":1,"featured_media":0,"parent":0,"menu_order":0,"comment_status":"closed","ping_status":"closed","template":"","meta":{"footnotes":""},"class_list":["post-39","page","type-page","status-publish","hentry"],"yoast_head":"<!-- This site is optimized with the Yoast SEO plugin v22.8 - https:\/\/yoast.com\/wordpress\/plugins\/seo\/ -->\n<title>Contacte - Fotocarte.md<\/title>\n<meta name=\"robots\" content=\"noindex, follow, max-snippet:-1, max-image-preview:large, max-video-preview:-1\" \/>\n<meta property=\"og:locale\" content=\"ru_RU\" \/>\n<meta property=\"og:type\" content=\"article\" \/>\n<meta property=\"og:title\" content=\"Contacte - Fotocarte.md\" \/>\n<meta property=\"og:description\" content=\"Contacteaz\u0103 Atelierul FotoCarte Suntem aici pentru a-\u021bi oferi cea mai bun\u0103 experien\u021b\u0103 de imprimare personalizat\u0103: de la cadouri personalizate, p\u00e2n\u0103 la proiecte de imprimare complexe. Punem la dispozi\u021bia ta toat\u0103 dedica\u021bia \u0219i expertiza echipei noastre! Contacteaz\u0103-ne: Telefon Telefon: 060 595 984 Email E-mail: fotocartemd@gmail.com Trimite-ne un mesaj:\" \/>\n<meta property=\"og:url\" content=\"https:\/\/fotocarte.qomunica.md\/ru\/contacte\/\" \/>\n<meta property=\"og:site_name\" content=\"Fotocarte.md\" \/>\n<meta property=\"article:modified_time\" content=\"2024-06-17T09:20:45+00:00\" \/>\n<meta name=\"twitter:card\" content=\"summary_large_image\" \/>\n<script type=\"application\/ld+json\" class=\"yoast-schema-graph\">{\"@context\":\"https:\/\/schema.org\",\"@graph\":[{\"@type\":\"WebPage\",\"@id\":\"https:\/\/fotocarte.qomunica.md\/contacte\/\",\"url\":\"https:\/\/fotocarte.qomunica.md\/contacte\/\",\"name\":\"Contacte - Fotocarte.md\",\"isPartOf\":{\"@id\":\"https:\/\/fotocarte.qomunica.md\/#website\"},\"datePublished\":\"2023-07-04T01:56:39+00:00\",\"dateModified\":\"2024-06-17T09:20:45+00:00\",\"breadcrumb\":{\"@id\":\"https:\/\/fotocarte.qomunica.md\/contacte\/#breadcrumb\"},\"inLanguage\":\"ru-RU\",\"potentialAction\":[{\"@type\":\"ReadAction\",\"target\":[\"https:\/\/fotocarte.qomunica.md\/contacte\/\"]}]},{\"@type\":\"BreadcrumbList\",\"@id\":\"https:\/\/fotocarte.qomunica.md\/contacte\/#breadcrumb\",\"itemListElement\":[{\"@type\":\"ListItem\",\"position\":1,\"name\":\"Prima pagin\u0103\",\"item\":\"https:\/\/fotocarte.qomunica.md\/\"},{\"@type\":\"ListItem\",\"position\":2,\"name\":\"Contacte\"}]},{\"@type\":\"WebSite\",\"@id\":\"https:\/\/fotocarte.qomunica.md\/#website\",\"url\":\"https:\/\/fotocarte.qomunica.md\/\",\"name\":\"Fotocarte.md\",\"description\":\"\",\"publisher\":{\"@id\":\"https:\/\/fotocarte.qomunica.md\/#organization\"},\"potentialAction\":[{\"@type\":\"SearchAction\",\"target\":{\"@type\":\"EntryPoint\",\"urlTemplate\":\"https:\/\/fotocarte.qomunica.md\/?s={search_term_string}\"},\"query-input\":\"required name=search_term_string\"}],\"inLanguage\":\"ru-RU\"},{\"@type\":\"Organization\",\"@id\":\"https:\/\/fotocarte.qomunica.md\/#organization\",\"name\":\"Fotocarte.md\",\"url\":\"https:\/\/fotocarte.qomunica.md\/\",\"logo\":{\"@type\":\"ImageObject\",\"inLanguage\":\"ru-RU\",\"@id\":\"https:\/\/fotocarte.qomunica.md\/#\/schema\/logo\/image\/\",\"url\":\"https:\/\/fotocarte.qomunica.md\/wp-content\/uploads\/2023\/07\/logo_fotocarte.png\",\"contentUrl\":\"https:\/\/fotocarte.qomunica.md\/wp-content\/uploads\/2023\/07\/logo_fotocarte.png\",\"width\":2048,\"height\":335,\"caption\":\"Fotocarte.md\"},\"image\":{\"@id\":\"https:\/\/fotocarte.qomunica.md\/#\/schema\/logo\/image\/\"}}]}<\/script>\n<!-- \/ Yoast SEO plugin. -->","yoast_head_json":{"title":"Contacte - Fotocarte.md","robots":{"index":"noindex","follow":"follow","max-snippet":"max-snippet:-1","max-image-preview":"max-image-preview:large","max-video-preview":"max-video-preview:-1"},"og_locale":"ru_RU","og_type":"article","og_title":"Contacte - Fotocarte.md","og_description":"Contacteaz\u0103 Atelierul FotoCarte Suntem aici pentru a-\u021bi oferi cea mai bun\u0103 experien\u021b\u0103 de imprimare personalizat\u0103: de la cadouri personalizate, p\u00e2n\u0103 la proiecte de imprimare complexe. Punem la dispozi\u021bia ta toat\u0103 dedica\u021bia \u0219i expertiza echipei noastre! Contacteaz\u0103-ne: Telefon Telefon: 060 595 984 Email E-mail: fotocartemd@gmail.com Trimite-ne un mesaj:","og_url":"https:\/\/fotocarte.qomunica.md\/ru\/contacte\/","og_site_name":"Fotocarte.md","article_modified_time":"2024-06-17T09:20:45+00:00","twitter_card":"summary_large_image","schema":{"@context":"https:\/\/schema.org","@graph":[{"@type":"WebPage","@id":"https:\/\/fotocarte.qomunica.md\/contacte\/","url":"https:\/\/fotocarte.qomunica.md\/contacte\/","name":"Contacte - Fotocarte.md","isPartOf":{"@id":"https:\/\/fotocarte.qomunica.md\/#website"},"datePublished":"2023-07-04T01:56:39+00:00","dateModified":"2024-06-17T09:20:45+00:00","breadcrumb":{"@id":"https:\/\/fotocarte.qomunica.md\/contacte\/#breadcrumb"},"inLanguage":"ru-RU","potentialAction":[{"@type":"ReadAction","target":["https:\/\/fotocarte.qomunica.md\/contacte\/"]}]},{"@type":"BreadcrumbList","@id":"https:\/\/fotocarte.qomunica.md\/contacte\/#breadcrumb","itemListElement":[{"@type":"ListItem","position":1,"name":"Prima pagin\u0103","item":"https:\/\/fotocarte.qomunica.md\/"},{"@type":"ListItem","position":2,"name":"Contacte"}]},{"@type":"WebSite","@id":"https:\/\/fotocarte.qomunica.md\/#website","url":"https:\/\/fotocarte.qomunica.md\/","name":"Fotocarte.md","description":"","publisher":{"@id":"https:\/\/fotocarte.qomunica.md\/#organization"},"potentialAction":[{"@type":"SearchAction","target":{"@type":"EntryPoint","urlTemplate":"https:\/\/fotocarte.qomunica.md\/?s={search_term_string}"},"query-input":"required name=search_term_string"}],"inLanguage":"ru-RU"},{"@type":"Organization","@id":"https:\/\/fotocarte.qomunica.md\/#organization","name":"Fotocarte.md","url":"https:\/\/fotocarte.qomunica.md\/","logo":{"@type":"ImageObject","inLanguage":"ru-RU","@id":"https:\/\/fotocarte.qomunica.md\/#\/schema\/logo\/image\/","url":"https:\/\/fotocarte.qomunica.md\/wp-content\/uploads\/2023\/07\/logo_fotocarte.png","contentUrl":"https:\/\/fotocarte.qomunica.md\/wp-content\/uploads\/2023\/07\/logo_fotocarte.png","width":2048,"height":335,"caption":"Fotocarte.md"},"image":{"@id":"https:\/\/fotocarte.qomunica.md\/#\/schema\/logo\/image\/"}}]}},"_links":{"self":[{"href":"https:\/\/fotocarte.qomunica.md\/ru\/wp-json\/wp\/v2\/pages\/39","targetHints":{"allow":["GET"]}}],"collection":[{"href":"https:\/\/fotocarte.qomunica.md\/ru\/wp-json\/wp\/v2\/pages"}],"about":[{"href":"https:\/\/fotocarte.qomunica.md\/ru\/wp-json\/wp\/v2\/types\/page"}],"author":[{"embeddable":true,"href":"https:\/\/fotocarte.qomunica.md\/ru\/wp-json\/wp\/v2\/users\/1"}],"replies":[{"embeddable":true,"href":"https:\/\/fotocarte.qomunica.md\/ru\/wp-json\/wp\/v2\/comments?post=39"}],"version-history":[{"count":25,"href":"https:\/\/fotocarte.qomunica.md\/ru\/wp-json\/wp\/v2\/pages\/39\/revisions"}],"predecessor-version":[{"id":17851,"href":"https:\/\/fotocarte.qomunica.md\/ru\/wp-json\/wp\/v2\/pages\/39\/revisions\/17851"}],"wp:attachment":[{"href":"https:\/\/fotocarte.qomunica.md\/ru\/wp-json\/wp\/v2\/media?parent=39"}],"curies":[{"name":"wp","href":"https:\/\/api.w.org\/{rel}","templated":true}]}}